{"id":11735,"date":"2016-06-08T14:59:57","date_gmt":"2016-06-08T17:59:57","guid":{"rendered":"http:\/\/engebrac.com.br\/main\/?page_id=11735"},"modified":"2016-11-22T14:35:05","modified_gmt":"2016-11-22T16:35:05","slug":"a-empresa","status":"publish","type":"page","link":"http:\/\/engebrac.com.br\/main\/a-empresa\/","title":{"rendered":"A empresa"},"content":{"rendered":"<p><div  class=\"fusion-fullwidth fullwidth-box nonhundred-percent-fullwidth\"  style='background-color: rgba(255,255,255,0);background-position: left top;background-repeat: no-repeat;padding-right:0px;padding-left:0px;border-top-width:0px;border-bottom-width:0px;border-color:#eae9e9;border-top-style:solid;border-bottom-style:solid;'><div class=\"fusion-builder-row fusion-row \"><div  class=\"fusion-layout-column fusion_builder_column fusion_builder_column_1_1  fusion-one-full fusion-column-first fusion-column-last fusion-column-no-min-height 1_1\"  style='margin-top:0px;margin-bottom:0px;'>\n\t\t\t<div class=\"fusion-column-wrapper\"  style=\"background-position:left top;background-repeat:no-repeat;-webkit-background-size:cover;-moz-background-size:cover;-o-background-size:cover;background-size:cover;\"  data-bg-url=\"\">\n\t\t\t\t<div class=\"fusion-title title sep-underline sep-solid fusion-title-size-one\" style=\"margin-top:0px;margin-bottom:0px;\"><h1 class=\"title-heading-left\"><strong><span style=\"color: #091514;\">A empresa<\/span><\/strong><\/h1><\/div><div class=\"fusion-clearfix\"><\/div>\n\t\t\t<\/div>\n\t\t<\/div><\/div><\/div><div  class=\"fusion-fullwidth fullwidth-box nonhundred-percent-fullwidth\"  style='background-color: rgba(255,255,255,0);background-position: left top;background-repeat: no-repeat;padding-top:20px;padding-right:0px;padding-bottom:20px;padding-left:0px;border-top-width:0px;border-bottom-width:0px;border-color:#eae9e9;border-top-style:solid;border-bottom-style:solid;'><div class=\"fusion-builder-row fusion-row \"><div  class=\"fusion-layout-column fusion_builder_column fusion_builder_column_1_1  fusion-one-full fusion-column-first fusion-column-last 1_1\"  style='margin-top:0px;margin-bottom:20px;'>\n\t\t\t<div class=\"fusion-column-wrapper\"  style=\"background-position:left top;background-repeat:no-repeat;-webkit-background-size:cover;-moz-background-size:cover;-o-background-size:cover;background-size:cover;\"  data-bg-url=\"\">\n\t\t\t\t<p style=\"text-align: justify;\">\u00a0\u00a0\u00a0\u00a0\u00a0Atualmente no Brasil, cada projeto de engenharia de um empreendimento \u00e9 desenvolvido de maneira isolada e, apenas em etapas avan\u00e7adas, s\u00e3o (mal) compatibilizados. Esse processo \u00e9 ultrapassado e n\u00e3o resolve adequadamente as incompatibilidades entre os projetos. Devido a este processo, muitas vezes o empreendimento come\u00e7a a ser executado antes que todos os projetos tenham sido conclu\u00eddos.\u00a0O resultado \u00e9 o aumento no custo do empreendimento, com revis\u00f5es de projetos e imprevistos em obra.<\/p>\n<p style=\"text-align: justify;\">\u00a0\u00a0\u00a0\u00a0\u00a0<img loading=\"lazy\" decoding=\"async\" class=\"size-full wp-image-11923 alignleft\" src=\"http:\/\/engebrac.com.br\/main\/wp-content\/uploads\/2016\/06\/a_empresa.jpg\" alt=\"a_empresa\" width=\"444\" height=\"300\" srcset=\"http:\/\/engebrac.com.br\/main\/wp-content\/uploads\/2016\/06\/a_empresa-200x135.jpg 200w, http:\/\/engebrac.com.br\/main\/wp-content\/uploads\/2016\/06\/a_empresa-300x203.jpg 300w, http:\/\/engebrac.com.br\/main\/wp-content\/uploads\/2016\/06\/a_empresa-400x270.jpg 400w, http:\/\/engebrac.com.br\/main\/wp-content\/uploads\/2016\/06\/a_empresa.jpg 444w\" sizes=\"auto, (max-width: 444px) 100vw, 444px\" \/>Para quebrar esse paradigma fundamos a Engebrac. Aqui concebemos os projetos em c\u00e9lulas de trabalho, onde desenvolvemos integralmente os projetos de engenharia de um empreendimento.\u00a0Nosso processo de gest\u00e3o \u00e9 inovador e traz a ess\u00eancia da engenharia simult\u00e2nea criada pela ind\u00fastria automobil\u00edstica japonesa\u00b9.<\/p>\n<p style=\"text-align: justify;\">\u00a0\u00a0\u00a0\u00a0\u00a0Desenvolvemos simultaneamente os projetos de engenharia, com auxilio de recursos tecnol\u00f3gicos de ponta e profissionais experientes em processos multidisciplinares, resultando em projetos sem interfer\u00eancias e desenvolvidos em menor tempo. Desde os estudos inicias de viabilidade at\u00e9 o projeto executivo, todo processo \u00e9 realizado de forma integrada.<\/p>\n<p style=\"text-align: justify;\">\u00a0\u00a0\u00a0\u00a0\u00a0Com esse m\u00e9todo de gest\u00e3o (eficiente e inovador), o empreendimento come\u00e7a a ser executado com todos os projetos consolidados e com seus quantitativos corretos, evitando imprevistos em obra que oneram o empreendimento.<\/p>\n<p style=\"text-align: justify;\">\u00a0\u00a0\u00a0\u00a0\u00a0\u00b9 Esse m\u00e9todo de gest\u00e3o foi utilizado primeiramente na ind\u00fastria automobil\u00edstica japonesa, que entregava carros com qualidade superior at\u00e9 50% mais r\u00e1pidos que seus concorrentes.\u00a0<span style=\"line-height: 1.5;\">Em pa\u00edses desenvolvidos a engenharia integrada (ou engenharia simult\u00e2nea) \u00e9 o processo predominante nos empreendimentos.<\/span><\/p>\n<p style=\"text-align: justify;\">\u00a0\u00a0\u00a0\u00a0\u00a0<a href=\"http:\/\/engebrac.com.br\/main\/engenharia-integrada\">Clique aqui<\/a> e leia mais\u00a0a respeito da engenharia integrada e seus benef\u00edcios.<\/p>\n<div class=\"fusion-clearfix\"><\/div>\n\t\t\t<\/div>\n\t\t<\/div><div  class=\"fusion-layout-column fusion_builder_column fusion_builder_column_1_1  fusion-one-full fusion-column-first fusion-column-last fusion-column-no-min-height 1_1\"  style='margin-top:0px;margin-bottom:0px;'>\n\t\t\t<div class=\"fusion-column-wrapper\"  style=\"background-position:left top;background-repeat:no-repeat;-webkit-background-size:cover;-moz-background-size:cover;-o-background-size:cover;background-size:cover;\"  data-bg-url=\"\">\n\t\t\t\t<div class=\"fusion-sep-clear\"><\/div><div class=\"fusion-separator fusion-full-width-sep sep-shadow\" style=\"background:radial-gradient(ellipse at 50% -50% , #e0dede 0px, rgba(255, 255, 255, 0) 80%) repeat scroll 0 0 rgba(0, 0, 0, 0);background:-webkit-radial-gradient(ellipse at 50% -50% , #e0dede 0px, rgba(255, 255, 255, 0) 80%) repeat scroll 0 0 rgba(0, 0, 0, 0);background:-moz-radial-gradient(ellipse at 50% -50% , #e0dede 0px, rgba(255, 255, 255, 0) 80%) repeat scroll 0 0 rgba(0, 0, 0, 0);background:-o-radial-gradient(ellipse at 50% -50% , #e0dede 0px, rgba(255, 255, 255, 0) 80%) repeat scroll 0 0 rgba(0, 0, 0, 0);margin-left: auto;margin-right: auto;margin-top:;\"><\/div><div class=\"fusion-clearfix\"><\/div>\n\t\t\t<\/div>\n\t\t<\/div><\/div><\/div><div  class=\"fusion-fullwidth fullwidth-box nonhundred-percent-fullwidth\"  style='background-color: rgba(255,255,255,0);background-position: left top;background-repeat: no-repeat;padding-right:0px;padding-bottom:10px;padding-left:0px;border-top-width:0px;border-bottom-width:0px;border-color:#eae9e9;border-top-style:solid;border-bottom-style:solid;'><div class=\"fusion-builder-row fusion-row \"><div  class=\"fusion-layout-column fusion_builder_column fusion_builder_column_1_2  fusion-one-half fusion-column-first 1_2\"  style='margin-top:0px;margin-bottom:20px;width:48%; margin-right: 4%;'>\n\t\t\t<div class=\"fusion-column-wrapper\"  style=\"background-color:#f7f7f7;border:1px dashed #091514;padding: 10px;background-position:left top;background-repeat:no-repeat;-webkit-background-size:cover;-moz-background-size:cover;-o-background-size:cover;background-size:cover;\"  data-bg-url=\"\">\n\t\t\t\t<h2><strong>BENEF\u00cdCIOS DA ENGENHARIA INTEGRADA<\/strong><\/h2>\n<ul class=\"fusion-checklist fusion-checklist-1\" style=\"font-size:13px;line-height:22.1px;\"><li class=\"fusion-li-item\"><span style=\"background-color:#007267;font-size:11.44px;height:22.1px;width:22.1px;margin-right:9.1px;\" class=\"icon-wrapper circle-yes\"><i class=\"fusion-li-icon fa fa-check-circle\" style=\"color:#ffffff;\"><\/i><\/span><div class=\"fusion-li-item-content\" style=\"margin-left:31.2px;\">redu\u00e7\u00e3o no cronograma do empreendimento<\/div><\/li><li class=\"fusion-li-item\"><span style=\"background-color:#007267;font-size:11.44px;height:22.1px;width:22.1px;margin-right:9.1px;\" class=\"icon-wrapper circle-yes\"><i class=\"fusion-li-icon fa fa-check-circle\" style=\"color:#ffffff;\"><\/i><\/span><div class=\"fusion-li-item-content\" style=\"margin-left:31.2px;\">redu\u00e7\u00e3o no custo do empreendimento<\/div><\/li><li class=\"fusion-li-item\"><span style=\"background-color:#007267;font-size:11.44px;height:22.1px;width:22.1px;margin-right:9.1px;\" class=\"icon-wrapper circle-yes\"><i class=\"fusion-li-icon fa fa-check-circle\" style=\"color:#ffffff;\"><\/i><\/span><div class=\"fusion-li-item-content\" style=\"margin-left:31.2px;\">elimina\u00e7\u00e3o de imprevistos em obra<\/div><\/li><\/ul><div class=\"fusion-clearfix\"><\/div>\n\t\t\t<\/div>\n\t\t<\/div><div  class=\"fusion-layout-column fusion_builder_column fusion_builder_column_1_2  fusion-one-half fusion-column-last 1_2\"  style='margin-top:0px;margin-bottom:20px;width:48%'>\n\t\t\t<div class=\"fusion-column-wrapper\"  style=\"background-color:#f7f7f7;border:1px dashed #091514;padding: 10px;background-position:left top;background-repeat:no-repeat;-webkit-background-size:cover;-moz-background-size:cover;-o-background-size:cover;background-size:cover;\"  data-bg-url=\"\">\n\t\t\t\t<h2><strong>DIFERENCIAIS ENGEBRAC<\/strong><\/h2>\n<ul class=\"fusion-checklist fusion-checklist-2\" style=\"font-size:13px;line-height:22.1px;\"><li class=\"fusion-li-item\"><span style=\"background-color:#007267;font-size:11.44px;height:22.1px;width:22.1px;margin-right:9.1px;\" class=\"icon-wrapper circle-yes\"><i class=\"fusion-li-icon fa fa-plus-circle\" style=\"color:#ffffff;\"><\/i><\/span><div class=\"fusion-li-item-content\" style=\"margin-left:31.2px;\">gest\u00e3o eficiente de processos \u2192\u00a0solu\u00e7\u00f5es integradas<\/div><\/li><li class=\"fusion-li-item\"><span style=\"background-color:#007267;font-size:11.44px;height:22.1px;width:22.1px;margin-right:9.1px;\" class=\"icon-wrapper circle-yes\"><i class=\"fusion-li-icon fa fa-plus-circle\" style=\"color:#ffffff;\"><\/i><\/span><div class=\"fusion-li-item-content\" style=\"margin-left:31.2px;\">cronograma transparente\u00b2<\/div><\/li><li class=\"fusion-li-item\"><span style=\"background-color:#007267;font-size:11.44px;height:22.1px;width:22.1px;margin-right:9.1px;\" class=\"icon-wrapper circle-yes\"><i class=\"fusion-li-icon fa fa-plus-circle\" style=\"color:#ffffff;\"><\/i><\/span><div class=\"fusion-li-item-content\" style=\"margin-left:31.2px;\">atendimento rigoroso de normas t\u00e9cnicas\u00b3<\/div><\/li><\/ul><div class=\"fusion-clearfix\"><\/div>\n\t\t\t<\/div>\n\t\t<\/div><\/div><\/div><div  class=\"fusion-fullwidth fullwidth-box nonhundred-percent-fullwidth\"  style='background-color: rgba(255,255,255,0);background-position: left top;background-repeat: no-repeat;padding-right:0px;padding-bottom:20px;padding-left:0px;border-top-width:0px;border-bottom-width:0px;border-color:#eae9e9;border-top-style:solid;border-bottom-style:solid;'><div class=\"fusion-builder-row fusion-row \"><div  class=\"fusion-layout-column fusion_builder_column fusion_builder_column_1_1  fusion-one-full fusion-column-first fusion-column-last 1_1\"  style='margin-top:0px;margin-bottom:20px;'>\n\t\t\t<div class=\"fusion-column-wrapper\"  style=\"background-position:left top;background-repeat:no-repeat;-webkit-background-size:cover;-moz-background-size:cover;-o-background-size:cover;background-size:cover;\"  data-bg-url=\"\">\n\t\t\t\t<p align=\"Justify\">\u00a0\u00a0\u00a0\u00a0\u00a0\u00b2 Oferecemos transpar\u00eancia no desenvolvimento de nossos projetos. O cliente pode acessar a qualquer momento nosso cronograma e acompanhar cada tarefa (integrada) programada para seu empreendimento. <a href=\"http:\/\/engebrac.com.br\/main\/area-do-cliente\">Clique aqui<\/a> \u00e9 acesse como visitante nosso sistema.<\/p>\n<p>\u00a0\u00a0\u00a0\u00a0\u00a0\u00b3 Entendemos que cumprir as exig\u00eancias das normas t\u00e9cnicas \u00e9 uma obriga\u00e7\u00e3o, entretanto, nossa experi\u00eancia tem mostrado que muitos empreendimentos s\u00e3o executados com projetos em N\u00c3O CONFORMIDADE com as normas t\u00e9cnicas vigentes.<\/p>\n<ul>\n<li>58% das patologias em edifica\u00e7\u00f5es s\u00e3o causadas por problemas em projetos.<\/li>\n<\/ul>\n<p>Nossa empresa atende rigorosamente as prescri\u00e7\u00f5es normativas, pois entendemos que seu cumprimento \u00e9 essencial para garantia de obten\u00e7\u00e3o de estruturas seguras e que atendam aos padr\u00f5es de desempenho exigidos pelo mercado consumidor.<\/p>\n<div class=\"fusion-clearfix\"><\/div>\n\t\t\t<\/div>\n\t\t<\/div><\/div><\/div><div  class=\"fusion-fullwidth fullwidth-box hundred-percent-fullwidth\"  style='background-color: rgba(255,255,255,0);background-position: center center;background-repeat: no-repeat;padding-top:0px;padding-right:0px;padding-bottom:0px;padding-left:0px;'><div class=\"fusion-builder-row fusion-row \"><div  class=\"fusion-layout-column fusion_builder_column fusion_builder_column_1_1  fusion-one-full fusion-column-first fusion-column-last fusion-column-no-min-height 1_1\"  style='margin-top:0px;margin-bottom:0px;'>\n\t\t\t<div class=\"fusion-column-wrapper\"  style=\"background-position:left top;background-repeat:no-repeat;-webkit-background-size:cover;-moz-background-size:cover;-o-background-size:cover;background-size:cover;\"  data-bg-url=\"\">\n\t\t\t\t<div class=\"fusion-sep-clear\"><\/div><div class=\"fusion-separator fusion-full-width-sep sep-shadow\" style=\"background:radial-gradient(ellipse at 50% -50% , #e0dede 0px, rgba(255, 255, 255, 0) 80%) repeat scroll 0 0 rgba(0, 0, 0, 0);background:-webkit-radial-gradient(ellipse at 50% -50% , #e0dede 0px, rgba(255, 255, 255, 0) 80%) repeat scroll 0 0 rgba(0, 0, 0, 0);background:-moz-radial-gradient(ellipse at 50% -50% , #e0dede 0px, rgba(255, 255, 255, 0) 80%) repeat scroll 0 0 rgba(0, 0, 0, 0);background:-o-radial-gradient(ellipse at 50% -50% , #e0dede 0px, rgba(255, 255, 255, 0) 80%) repeat scroll 0 0 rgba(0, 0, 0, 0);margin-left: auto;margin-right: auto;margin-top:;\"><\/div><div class=\"fusion-clearfix\"><\/div>\n\t\t\t<\/div>\n\t\t<\/div><\/div><\/div><div  class=\"fusion-fullwidth fullwidth-box nonhundred-percent-fullwidth\"  style='background-color: rgba(255,255,255,0);background-position: center center;background-repeat: no-repeat;padding-top:20px;padding-right:0px;padding-bottom:20px;padding-left:0px;border-top-width:0px;border-bottom-width:0px;border-color:#eae9e9;border-top-style:solid;border-bottom-style:solid;'><div class=\"fusion-builder-row fusion-row \"><div  class=\"fusion-layout-column fusion_builder_column fusion_builder_column_1_1  fusion-one-full fusion-column-first fusion-column-last fusion-column-no-min-height 1_1\"  style='margin-top:0px;margin-bottom:0px;'>\n\t\t\t<div class=\"fusion-column-wrapper\"  style=\"background-position:left top;background-repeat:no-repeat;-webkit-background-size:cover;-moz-background-size:cover;-o-background-size:cover;background-size:cover;\"  data-bg-url=\"\">\n\t\t\t\t<h2 style=\"text-align: left;\"><strong>MISS\u00c3O<\/strong><\/h2>\n<div class=\"fusion-clearfix\"><\/div>\n\t\t\t<\/div>\n\t\t<\/div><div  class=\"fusion-layout-column fusion_builder_column fusion_builder_column_1_1  fusion-one-full fusion-column-first fusion-column-last fusion-column-no-min-height 1_1\"  style='margin-top:0px;margin-bottom:0px;'>\n\t\t\t<div class=\"fusion-column-wrapper\"  style=\"background-position:left top;background-repeat:no-repeat;-webkit-background-size:cover;-moz-background-size:cover;-o-background-size:cover;background-size:cover;\"  data-bg-url=\"\">\n\t\t\t\t<style type='text\/css'>.reading-box-container-1 .element-bottomshadow:before,.reading-box-container-1 .element-bottomshadow:after{opacity:0.7;}<\/style><div class=\"fusion-reading-box-container reading-box-container-1\" style=\"margin-top:0px;margin-bottom:84px;\"><div class=\"reading-box element-bottomshadow\" style=\"background-color:#f7f7f7;border-width:1px;border-color:#091514;border-top-width:3px;border-top-color:#007267;border-style:solid;\"><div class=\"reading-box-description\">Reduzir o cronograma e o custo de empreendimentos atrav\u00e9s de solu\u00e7\u00f5es integradas de engenharia e consultoria especializada, maximizando valor para nossos clientes. <\/div><\/div><\/div><div class=\"fusion-clearfix\"><\/div>\n\t\t\t<\/div>\n\t\t<\/div><\/div><\/div><\/p>\n","protected":false},"excerpt":{"rendered":"","protected":false},"author":1,"featured_media":0,"parent":0,"menu_order":0,"comment_status":"closed","ping_status":"closed","template":"","meta":{"footnotes":""},"class_list":["post-11735","page","type-page","status-publish","hentry"],"_links":{"self":[{"href":"http:\/\/engebrac.com.br\/main\/wp-json\/wp\/v2\/pages\/11735","targetHints":{"allow":["GET"]}}],"collection":[{"href":"http:\/\/engebrac.com.br\/main\/wp-json\/wp\/v2\/pages"}],"about":[{"href":"http:\/\/engebrac.com.br\/main\/wp-json\/wp\/v2\/types\/page"}],"author":[{"embeddable":true,"href":"http:\/\/engebrac.com.br\/main\/wp-json\/wp\/v2\/users\/1"}],"replies":[{"embeddable":true,"href":"http:\/\/engebrac.com.br\/main\/wp-json\/wp\/v2\/comments?post=11735"}],"version-history":[{"count":3,"href":"http:\/\/engebrac.com.br\/main\/wp-json\/wp\/v2\/pages\/11735\/revisions"}],"predecessor-version":[{"id":12088,"href":"http:\/\/engebrac.com.br\/main\/wp-json\/wp\/v2\/pages\/11735\/revisions\/12088"}],"wp:attachment":[{"href":"http:\/\/engebrac.com.br\/main\/wp-json\/wp\/v2\/media?parent=11735"}],"curies":[{"name":"wp","href":"https:\/\/api.w.org\/{rel}","templated":true}]}}