{"id":11770,"date":"2016-06-09T10:26:58","date_gmt":"2016-06-09T13:26:58","guid":{"rendered":"http:\/\/engebrac.com.br\/main\/?page_id=11770"},"modified":"2016-11-22T14:44:26","modified_gmt":"2016-11-22T16:44:26","slug":"engenharia-integrada","status":"publish","type":"page","link":"http:\/\/engebrac.com.br\/main\/engenharia-integrada\/","title":{"rendered":"Engenharia Integrada"},"content":{"rendered":"<p><div  class=\"fusion-fullwidth fullwidth-box nonhundred-percent-fullwidth\"  style='background-color: rgba(255,255,255,0);background-position: left top;background-repeat: no-repeat;padding-right:0px;padding-left:0px;border-top-width:0px;border-bottom-width:0px;border-color:#eae9e9;border-top-style:solid;border-bottom-style:solid;'><div class=\"fusion-builder-row fusion-row \"><div  class=\"fusion-layout-column fusion_builder_column fusion_builder_column_1_1  fusion-one-full fusion-column-first fusion-column-last fusion-column-no-min-height 1_1\"  style='margin-top:0px;margin-bottom:0px;'>\n\t\t\t<div class=\"fusion-column-wrapper\"  style=\"background-position:left top;background-repeat:no-repeat;-webkit-background-size:cover;-moz-background-size:cover;-o-background-size:cover;background-size:cover;\"  data-bg-url=\"\">\n\t\t\t\t<div class=\"fusion-title title sep-underline sep-solid fusion-title-size-one\" style=\"margin-top:0px;margin-bottom:31px;\"><h1 class=\"title-heading-left\">Engenharia Integrada<\/h1><\/div><div class=\"fusion-clearfix\"><\/div>\n\t\t\t<\/div>\n\t\t<\/div><\/div><\/div><div  class=\"fusion-fullwidth fullwidth-box nonhundred-percent-fullwidth\"  style='background-color: rgba(255,255,255,0);background-position: left top;background-repeat: no-repeat;padding-right:0px;padding-left:0px;border-top-width:0px;border-bottom-width:0px;border-color:#eae9e9;border-top-style:solid;border-bottom-style:solid;'><div class=\"fusion-builder-row fusion-row \"><div  class=\"fusion-layout-column fusion_builder_column fusion_builder_column_1_1  fusion-one-full fusion-column-first fusion-column-last fusion-column-no-min-height 1_1\"  style='margin-top:0px;margin-bottom:0px;'>\n\t\t\t<div class=\"fusion-column-wrapper\"  style=\"background-position:left top;background-repeat:no-repeat;-webkit-background-size:cover;-moz-background-size:cover;-o-background-size:cover;background-size:cover;\"  data-bg-url=\"\">\n\t\t\t\t<p><span style=\"padding-left: 30px;\"><img loading=\"lazy\" decoding=\"async\" class=\"size-full wp-image-11930 alignleft\" src=\"http:\/\/engebrac.com.br\/main\/wp-content\/uploads\/2016\/06\/ei_imagem_02-e1476694278197.jpg\" alt=\"ei_imagem_02\" width=\"340\" height=\"227\" \/>No<\/span> final da d\u00e9cada de 1970, a fabricante de ve\u00edculos japonesa <em>Honda <\/em>ampliou a qualidade de seus produtos e a efici\u00eancia de suas f\u00e1bricas com a ado\u00e7\u00e3o de \u201ctimes\u201d multidisciplinares de desenvolvimento de produto, compostos por funcion\u00e1rios de diferentes departamentos da empresa e por engenheiros convidados dos principais fornecedores da empresa.<\/p>\n<p align=\"Justify\"><span style=\"padding-left: 30px;\">Parte<\/span> do sucesso da ind\u00fastria automobil\u00edstica japonesa nos anos 1980 e 1990 pode ser creditado ao desenvolvimento e aplica\u00e7\u00e3o de t\u00e9cnicas de Engenharia Integrada (ou Engenharia Simult\u00e2nea) no desenvolvimento de novos autom\u00f3veis. Enquanto na ind\u00fastria automobil\u00edstica japonesa, no final da d\u00e9cada de 1980 e in\u00edcio da d\u00e9cada de 1990, o tempo m\u00e9dio de lan\u00e7amento de um novo ve\u00edculo (desenvolvido com elementos de engenharia integrada) era da ordem de 30 meses, nas companhias ocidentais, na mesma \u00e9poca, o tempo de desenvolvimento de novos modelos girava em torno de 50 a 60 meses.<\/p>\n<p align=\"Justify\"><span style=\"padding-left: 30px;\">Esta<\/span> \u00e9 a filosofia da engenharia integrada \u2013 desenvolver simultaneamente as v\u00e1rias etapas do produto atrav\u00e9s de coordena\u00e7\u00e3o multidisciplinar eficiente, buscando reduzir o tempo e o custo de produ\u00e7\u00e3o. No caso de edifica\u00e7\u00f5es significa conceber e desenvolver os (diversos) projetos em paralelo, antecipando e resolvendo as interfer\u00eancias.<\/p>\n<p align=\"\"><span style=\"padding-left: 30px;\">O<\/span> sucesso no desenvolvimento de novos produtos pela ind\u00fastria japonesa em rela\u00e7\u00e3o aos seus concorrentes ocidentais foi dado, em grande parte, pela filosofia de paralelismo e integra\u00e7\u00e3o no desenvolvimento de novos produtos.<\/p>\n<h2><strong>Sequ\u00eancia das atividades de projeto<\/strong><\/h2>\n<p align=\"Justify\"><span style=\"padding-left: 30px;\">A<\/span> gest\u00e3o tradicional (sequencial) do projeto faz com que os problemas e as incompatibilidades sejam \u201cempurrados\u201d para fases seguintes, onde as solu\u00e7\u00f5es s\u00e3o mais complexas e, frequentemente, acarretam retrabalhos. Por outro lado, o desenvolvimento em paralelo de diferentes fases do projeto possibilita uma economia no tempo de evolu\u00e7\u00e3o do mesmo\u00a0e permite o lan\u00e7amento de novos produtos em menor tempo.<\/p>\n<p align=\"Justify\"><span style=\"padding-left: 30px;\">Um<\/span> dos principais objetivos da EI \u00e9 permitir o lan\u00e7amento de novos empreendimentos em menor tempo. Busca-se, dessa forma, uma amplia\u00e7\u00e3o da competitividade da empresa, pela maior agilidade na gera\u00e7\u00e3o de projetos e uma flexibilidade produtiva que permita o \u00e1gil atendimento a novas demandas de mercado.<\/p>\n<h2><strong>Vantagens da engenharia integrada<\/strong><\/h2>\n<p align=\"Justify\"><span style=\"padding-left: 30px;\">A<\/span> Engebrac destaca, com sua experi\u00eancia, como uma das principais vantagens da EI a redu\u00e7\u00e3o no custo global do empreendimento, obtido principalmente pela redu\u00e7\u00e3o das incertezas no processo de projeto.<\/p>\n<div class=\"fusion-clearfix\"><\/div>\n\t\t\t<\/div>\n\t\t<\/div><\/div><\/div><div  class=\"fusion-fullwidth fullwidth-box nonhundred-percent-fullwidth\"  style='background-color: rgba(255,255,255,0);background-position: left top;background-repeat: no-repeat;padding-top:20px;padding-right:0px;padding-left:0px;border-top-width:0px;border-bottom-width:0px;border-color:#eae9e9;border-top-style:solid;border-bottom-style:solid;'><div class=\"fusion-builder-row fusion-row \"><div  class=\"fusion-layout-column fusion_builder_column fusion_builder_column_1_1  fusion-one-full fusion-column-first fusion-column-last fusion-column-no-min-height 1_1\"  style='margin-top:0px;margin-bottom:0px;'>\n\t\t\t<div class=\"fusion-column-wrapper\"  style=\"background-position:left top;background-repeat:no-repeat;-webkit-background-size:cover;-moz-background-size:cover;-o-background-size:cover;background-size:cover;\"  data-bg-url=\"\">\n\t\t\t\t<style type='text\/css'>.reading-box-container-1 .element-bottomshadow:before,.reading-box-container-1 .element-bottomshadow:after{opacity:0.7;}<\/style><div class=\"fusion-reading-box-container reading-box-container-1\" style=\"margin-top:0px;margin-bottom:84px;\"><div class=\"reading-box element-bottomshadow\" style=\"background-color:f7f7f7;border-width:1px;border-color:#091514;border-top-width:3px;border-top-color:#007267;border-style:solid;\"><div class=\"reading-box-description\">Utilizando a Engenharia Integrada \u00e9 poss\u00edvel reduzir o cronograma do empreendimento em at\u00e9 30%.<\/div><\/div><\/div><div class=\"fusion-clearfix\"><\/div>\n\t\t\t<\/div>\n\t\t<\/div><\/div><\/div><div  class=\"fusion-fullwidth fullwidth-box nonhundred-percent-fullwidth\"  style='background-color: rgba(255,255,255,0);background-position: left top;background-repeat: no-repeat;padding-right:0px;padding-left:0px;border-top-width:0px;border-bottom-width:0px;border-color:#eae9e9;border-top-style:solid;border-bottom-style:solid;'><div class=\"fusion-builder-row fusion-row \"><div  class=\"fusion-layout-column fusion_builder_column fusion_builder_column_1_1  fusion-one-full fusion-column-first fusion-column-last fusion-column-no-min-height 1_1\"  style='margin-top:0px;margin-bottom:0px;'>\n\t\t\t<div class=\"fusion-column-wrapper\"  style=\"background-position:left top;background-repeat:no-repeat;-webkit-background-size:cover;-moz-background-size:cover;-o-background-size:cover;background-size:cover;\"  data-bg-url=\"\">\n\t\t\t\t<p align=\"\"><span style=\"padding-left: 30px;\">A<\/span> superioridade dos resultados alcan\u00e7ados no desenvolvimento de empreendimentos por meio da Engenharia Integrada, frente ao processo tradicional (sequencial), pode ser ilustrada esquematicamente na imagem abaixo, na qual s\u00e3o apresentadas curvas que representam o tempo de desenvolvimento. A \u00e1rea sobre a curva representa o custo de projeto ao longo do tempo.<\/p>\n<p align=\"\"><img loading=\"lazy\" decoding=\"async\" class=\"aligncenter size-full wp-image-11933\" src=\"http:\/\/engebrac.com.br\/main\/wp-content\/uploads\/2016\/06\/grafico_integrada.jpg\" alt=\"grafico_integrada\" width=\"602\" height=\"370\" srcset=\"http:\/\/engebrac.com.br\/main\/wp-content\/uploads\/2016\/06\/grafico_integrada-200x123.jpg 200w, http:\/\/engebrac.com.br\/main\/wp-content\/uploads\/2016\/06\/grafico_integrada-300x184.jpg 300w, http:\/\/engebrac.com.br\/main\/wp-content\/uploads\/2016\/06\/grafico_integrada-400x246.jpg 400w, http:\/\/engebrac.com.br\/main\/wp-content\/uploads\/2016\/06\/grafico_integrada-600x369.jpg 600w, http:\/\/engebrac.com.br\/main\/wp-content\/uploads\/2016\/06\/grafico_integrada.jpg 602w\" sizes=\"auto, (max-width: 602px) 100vw, 602px\" \/><\/p>\n<p align=\"Justify\"><span style=\"padding-left: 30px;\">Podemos<\/span> constatar que a maior parte das decis\u00f5es nos projetos com EI concentra-se nos primeiros meses de projeto, enquanto no processo tradicional, al\u00e9m das decis\u00f5es, um grande n\u00famero de revis\u00f5es \u00e9 necess\u00e1rio e as modifica\u00e7\u00f5es ocorrem mais tardiamente, at\u00e9 mesmo depois do lan\u00e7amento do produto. Isso refor\u00e7a a ideia de que a qualidade deve ser buscada desde as primeiras fases dos empreendimentos e que os projetos t\u00eam um papel crucial nesta busca.<\/p>\n<div class=\"fusion-clearfix\"><\/div>\n\t\t\t<\/div>\n\t\t<\/div><\/div><\/div><div  class=\"fusion-fullwidth fullwidth-box nonhundred-percent-fullwidth\"  style='background-color: rgba(255,255,255,0);background-position: left top;background-repeat: no-repeat;padding-top:20px;padding-right:0px;padding-left:0px;border-top-width:0px;border-bottom-width:0px;border-color:#eae9e9;border-top-style:solid;border-bottom-style:solid;'><div class=\"fusion-builder-row fusion-row \"><div  class=\"fusion-layout-column fusion_builder_column fusion_builder_column_1_2  fusion-one-half fusion-column-first 1_2\"  style='margin-top:0px;margin-bottom:0px;width:48%; margin-right: 4%;'>\n\t\t\t<div class=\"fusion-column-wrapper\"  style=\"background-color:#f7f7f7;border:1px dashed #091514;padding: 10px 10px 10px 10px;background-position:left top;background-repeat:no-repeat;-webkit-background-size:cover;-moz-background-size:cover;-o-background-size:cover;background-size:cover;\"  data-bg-url=\"\">\n\t\t\t\t<h2><strong>PRINCIPAIS CARACTER\u00cdSTICAS DA EI<\/strong><\/h2>\n<ul class=\"fusion-checklist fusion-checklist-1\" style=\"font-size:13px;line-height:22.1px;\"><li class=\"fusion-li-item\"><span style=\"background-color:#007267;font-size:11.44px;height:22.1px;width:22.1px;margin-right:9.1px;\" class=\"icon-wrapper circle-yes\"><i class=\"fusion-li-icon fa fa-check\" style=\"color:#ffffff;\"><\/i><\/span><div class=\"fusion-li-item-content\" style=\"margin-left:31.2px;\">\u00canfase no momento da concep\u00e7\u00e3o do produto e valoriza\u00e7\u00e3o do projeto<\/div><\/li><li class=\"fusion-li-item\"><span style=\"background-color:#007267;font-size:11.44px;height:22.1px;width:22.1px;margin-right:9.1px;\" class=\"icon-wrapper circle-yes\"><i class=\"fusion-li-icon fa fa-check\" style=\"color:#ffffff;\"><\/i><\/span><div class=\"fusion-li-item-content\" style=\"margin-left:31.2px;\">Desenvolvimento em paralelo de v\u00e1rias disciplinas de projeto do empreendimento<\/div><\/li><li class=\"fusion-li-item\"><span style=\"background-color:#007267;font-size:11.44px;height:22.1px;width:22.1px;margin-right:9.1px;\" class=\"icon-wrapper circle-yes\"><i class=\"fusion-li-icon fa fa-check\" style=\"color:#ffffff;\"><\/i><\/span><div class=\"fusion-li-item-content\" style=\"margin-left:31.2px;\">Forma\u00e7\u00e3o de equipes de projeto multidisciplinares e coordenadas<\/div><\/li><li class=\"fusion-li-item\"><span style=\"background-color:#007267;font-size:11.44px;height:22.1px;width:22.1px;margin-right:9.1px;\" class=\"icon-wrapper circle-yes\"><i class=\"fusion-li-icon fa fa-check\" style=\"color:#ffffff;\"><\/i><\/span><div class=\"fusion-li-item-content\" style=\"margin-left:31.2px;\">Utiliza\u00e7\u00e3o de processos de gest\u00e3o altamente eficazes no desenvolvimento (multidisciplinar) dos projetos<\/div><\/li><\/ul><div class=\"fusion-clearfix\"><\/div>\n\t\t\t<\/div>\n\t\t<\/div><div  class=\"fusion-layout-column fusion_builder_column fusion_builder_column_1_2  fusion-one-half fusion-column-last 1_2\"  style='margin-top:0px;margin-bottom:0px;width:48%'>\n\t\t\t<div class=\"fusion-column-wrapper\"  style=\"background-color:#f7f7f7;border:1px dashed #091514;padding: 10px 10px 10px 10px;background-position:left top;background-repeat:no-repeat;-webkit-background-size:cover;-moz-background-size:cover;-o-background-size:cover;background-size:cover;\"  data-bg-url=\"\">\n\t\t\t\t<h2><strong>PRINCIPAIS BENEF\u00cdCIOS\u00a0DA EI<\/strong><\/h2>\n<ul class=\"fusion-checklist fusion-checklist-2\" style=\"font-size:13px;line-height:22.1px;\"><li class=\"fusion-li-item\"><span style=\"background-color:#007267;font-size:11.44px;height:22.1px;width:22.1px;margin-right:9.1px;\" class=\"icon-wrapper circle-yes\"><i class=\"fusion-li-icon fa fa-check\" style=\"color:#ffffff;\"><\/i><\/span><div class=\"fusion-li-item-content\" style=\"margin-left:31.2px;\">Redu\u00e7\u00e3o no cronograma do empreendimento<\/div><\/li><li class=\"fusion-li-item\"><span style=\"background-color:#007267;font-size:11.44px;height:22.1px;width:22.1px;margin-right:9.1px;\" class=\"icon-wrapper circle-yes\"><i class=\"fusion-li-icon fa fa-check\" style=\"color:#ffffff;\"><\/i><\/span><div class=\"fusion-li-item-content\" style=\"margin-left:31.2px;\">Redu\u00e7\u00e3o no custo global do empreendimento<\/div><\/li><li class=\"fusion-li-item\"><span style=\"background-color:#007267;font-size:11.44px;height:22.1px;width:22.1px;margin-right:9.1px;\" class=\"icon-wrapper circle-yes\"><i class=\"fusion-li-icon fa fa-check\" style=\"color:#ffffff;\"><\/i><\/span><div class=\"fusion-li-item-content\" style=\"margin-left:31.2px;\">Retorno do investimento mais r\u00e1pido (maior competitividade)<\/div><\/li><li class=\"fusion-li-item\"><span style=\"background-color:#007267;font-size:11.44px;height:22.1px;width:22.1px;margin-right:9.1px;\" class=\"icon-wrapper circle-yes\"><i class=\"fusion-li-icon fa fa-check\" style=\"color:#ffffff;\"><\/i><\/span><div class=\"fusion-li-item-content\" style=\"margin-left:31.2px;\">Amplia\u00e7\u00e3o da qualidade ao longo da vida \u00fatil dos empreendimentos<\/div><\/li><\/ul><div class=\"fusion-clearfix\"><\/div>\n\t\t\t<\/div>\n\t\t<\/div><\/div><\/div><\/p>\n","protected":false},"excerpt":{"rendered":"","protected":false},"author":1,"featured_media":0,"parent":0,"menu_order":0,"comment_status":"closed","ping_status":"closed","template":"","meta":{"footnotes":""},"class_list":["post-11770","page","type-page","status-publish","hentry"],"_links":{"self":[{"href":"http:\/\/engebrac.com.br\/main\/wp-json\/wp\/v2\/pages\/11770","targetHints":{"allow":["GET"]}}],"collection":[{"href":"http:\/\/engebrac.com.br\/main\/wp-json\/wp\/v2\/pages"}],"about":[{"href":"http:\/\/engebrac.com.br\/main\/wp-json\/wp\/v2\/types\/page"}],"author":[{"embeddable":true,"href":"http:\/\/engebrac.com.br\/main\/wp-json\/wp\/v2\/users\/1"}],"replies":[{"embeddable":true,"href":"http:\/\/engebrac.com.br\/main\/wp-json\/wp\/v2\/comments?post=11770"}],"version-history":[{"count":5,"href":"http:\/\/engebrac.com.br\/main\/wp-json\/wp\/v2\/pages\/11770\/revisions"}],"predecessor-version":[{"id":12094,"href":"http:\/\/engebrac.com.br\/main\/wp-json\/wp\/v2\/pages\/11770\/revisions\/12094"}],"wp:attachment":[{"href":"http:\/\/engebrac.com.br\/main\/wp-json\/wp\/v2\/media?parent=11770"}],"curies":[{"name":"wp","href":"https:\/\/api.w.org\/{rel}","templated":true}]}}